{"id":546,"date":"2019-03-28T11:08:45","date_gmt":"2019-03-28T15:08:45","guid":{"rendered":"https:\/\/monasterioortodoxo.org\/?page_id=546"},"modified":"2019-03-28T11:33:10","modified_gmt":"2019-03-28T15:33:10","slug":"audio","status":"publish","type":"page","link":"https:\/\/www.monasterioortodoxo.org\/?page_id=546","title":{"rendered":"Audio"},"content":{"rendered":"<p>[et_pb_section fb_built=&#8221;1&#8243; fullwidth=&#8221;on&#8221; _builder_version=&#8221;3.21&#8243; background_image=&#8221;https:\/\/monasterioortodoxo.org\/wp-content\/uploads\/Audio-header.jpg&#8221; background_position=&#8221;top_center&#8221;][et_pb_fullwidth_header title=&#8221;Audio&#8221; text_orientation=&#8221;center&#8221; _builder_version=&#8221;3.21&#8243; title_font=&#8221;||||||||&#8221; title_font_size=&#8221;40px&#8221; title_font_size_tablet=&#8221;35px&#8221; title_font_size_phone=&#8221;28px&#8221; title_font_size_last_edited=&#8221;on|phone&#8221; title_text_shadow_style=&#8221;preset3&#8243; title_text_shadow_color=&#8221;#000000&#8243; background_color=&#8221;rgba(123,74,21,0)&#8221; background_position=&#8221;top_center&#8221; custom_margin_phone=&#8221;||&#8221; custom_margin_last_edited=&#8221;off|desktop&#8221; custom_padding=&#8221;130px||130px&#8221; custom_padding_tablet=&#8221;100px||100px&#8221; custom_padding_phone=&#8221;50px||50px&#8221; custom_padding_last_edited=&#8221;on|tablet&#8221; animation_style=&#8221;fade&#8221; animation_direction=&#8221;top&#8221; global_module=&#8221;205&#8243; saved_tabs=&#8221;all&#8221;][\/et_pb_fullwidth_header][\/et_pb_section][et_pb_section fb_built=&#8221;1&#8243; _builder_version=&#8221;3.21&#8243;][et_pb_row make_fullwidth=&#8221;on&#8221; use_custom_gutter=&#8221;on&#8221; make_equal=&#8221;on&#8221; _builder_version=&#8221;3.21&#8243;][et_pb_column type=&#8221;1_3&#8243; _builder_version=&#8221;3.21&#8243;][et_pb_audio audio=&#8221;https:\/\/monasterioortodoxo.org\/wp-content\/uploads\/Transfiguraci\u00f3n-V\u00edsperas.wav&#8221; title=&#8221;Transfiguraci\u00f3n &#8211; V\u00edsperas&#8221; admin_label=&#8221;Transfiguraci\u00f3n &#8211; V\u00edsperas &#8211; audio&#8221; _builder_version=&#8221;3.21&#8243; use_background_color_gradient=&#8221;on&#8221; background_color_gradient_start=&#8221;rgba(123,74,21,0.83)&#8221; background_color_gradient_end=&#8221;rgba(123,74,21,0.83)&#8221; background_color_gradient_overlays_image=&#8221;on&#8221; background_image=&#8221;https:\/\/monasterioortodoxo.org\/wp-content\/uploads\/Store-header.jpg&#8221;][\/et_pb_audio][\/et_pb_column][et_pb_column type=&#8221;1_3&#8243; _builder_version=&#8221;3.21&#8243;][et_pb_audio audio=&#8221;https:\/\/monasterioortodoxo.org\/wp-content\/uploads\/Santa-Irene-4-2018.wav&#8221; title=&#8221;Santa Irene 4- 2018&#8243; admin_label=&#8221;Santa Irene 4- 2018 &#8211; audio&#8221; _builder_version=&#8221;3.21&#8243; use_background_color_gradient=&#8221;on&#8221; background_color_gradient_start=&#8221;rgba(123,74,21,0.83)&#8221; background_color_gradient_end=&#8221;rgba(123,74,21,0.83)&#8221; background_color_gradient_overlays_image=&#8221;on&#8221; background_image=&#8221;https:\/\/monasterioortodoxo.org\/wp-content\/uploads\/Store-header.jpg&#8221;][\/et_pb_audio][\/et_pb_column][et_pb_column type=&#8221;1_3&#8243; _builder_version=&#8221;3.21&#8243;][et_pb_audio audio=&#8221;https:\/\/monasterioortodoxo.org\/wp-content\/uploads\/Santa-Irene-3-2018.wav&#8221; title=&#8221;Santa Irene 3- 2018&#8243; admin_label=&#8221;Santa Irene 3- 2018 &#8211; audio&#8221; _builder_version=&#8221;3.21&#8243; use_background_color_gradient=&#8221;on&#8221; background_color_gradient_start=&#8221;rgba(123,74,21,0.83)&#8221; background_color_gradient_end=&#8221;rgba(123,74,21,0.83)&#8221; background_color_gradient_overlays_image=&#8221;on&#8221; background_image=&#8221;https:\/\/monasterioortodoxo.org\/wp-content\/uploads\/Store-header.jpg&#8221;][\/et_pb_audio][\/et_pb_column][\/et_pb_row][\/et_pb_section]<\/p>\n","protected":false},"excerpt":{"rendered":"<p>[et_pb_section fb_built=&#8221;1&#8243; fullwidth=&#8221;on&#8221; _builder_version=&#8221;3.21&#8243; background_image=&#8221;https:\/\/monasterioortodoxo.org\/wp-content\/uploads\/Audio-header.jpg&#8221; background_position=&#8221;top_center&#8221;][et_pb_fullwidth_header title=&#8221;Audio&#8221; text_orientation=&#8221;center&#8221; _builder_version=&#8221;3.21&#8243; title_font=&#8221;||||||||&#8221; title_font_size=&#8221;40px&#8221; title_font_size_tablet=&#8221;35px&#8221; title_font_size_phone=&#8221;28px&#8221; title_font_size_last_edited=&#8221;on|phone&#8221; title_text_shadow_style=&#8221;preset3&#8243; title_text_shadow_color=&#8221;#000000&#8243; background_color=&#8221;rgba(123,74,21,0)&#8221; background_position=&#8221;top_center&#8221; custom_margin_phone=&#8221;||&#8221; custom_margin_last_edited=&#8221;off|desktop&#8221; custom_padding=&#8221;130px||130px&#8221; custom_padding_tablet=&#8221;100px||100px&#8221; custom_padding_phone=&#8221;50px||50px&#8221; custom_padding_last_edited=&#8221;on|tablet&#8221; animation_style=&#8221;fade&#8221; animation_direction=&#8221;top&#8221; global_module=&#8221;205&#8243; saved_tabs=&#8221;all&#8221;][\/et_pb_fullwidth_header][\/et_pb_section][et_pb_section fb_built=&#8221;1&#8243; _builder_version=&#8221;3.21&#8243;][et_pb_row make_fullwidth=&#8221;on&#8221; use_custom_gutter=&#8221;on&#8221; make_equal=&#8221;on&#8221; _builder_version=&#8221;3.21&#8243;][et_pb_column type=&#8221;1_3&#8243; _builder_version=&#8221;3.21&#8243;][et_pb_audio audio=&#8221;https:\/\/monasterioortodoxo.org\/wp-content\/uploads\/Transfiguraci\u00f3n-V\u00edsperas.wav&#8221; title=&#8221;Transfiguraci\u00f3n &#8211; V\u00edsperas&#8221; admin_label=&#8221;Transfiguraci\u00f3n &#8211; V\u00edsperas &#8211; audio&#8221; _builder_version=&#8221;3.21&#8243; use_background_color_gradient=&#8221;on&#8221; background_color_gradient_start=&#8221;rgba(123,74,21,0.83)&#8221; background_color_gradient_end=&#8221;rgba(123,74,21,0.83)&#8221; background_color_gradient_overlays_image=&#8221;on&#8221; background_image=&#8221;https:\/\/monasterioortodoxo.org\/wp-content\/uploads\/Store-header.jpg&#8221;][\/et_pb_audio][\/et_pb_column][et_pb_column type=&#8221;1_3&#8243; _builder_version=&#8221;3.21&#8243;][et_pb_audio audio=&#8221;https:\/\/monasterioortodoxo.org\/wp-content\/uploads\/Santa-Irene-4-2018.wav&#8221; title=&#8221;Santa [&hellip;]<\/p>\n","protected":false},"author":4,"featured_media":0,"parent":501,"menu_order":0,"comment_status":"closed","ping_status":"closed","template":"","meta":{"_et_pb_use_builder":"on","_et_pb_old_content":"","_et_gb_content_width":""},"aioseo_notices":[],"_links":{"self":[{"href":"https:\/\/www.monasterioortodoxo.org\/index.php?rest_route=\/wp\/v2\/pages\/546"}],"collection":[{"href":"https:\/\/www.monasterioortodoxo.org\/index.php?rest_route=\/wp\/v2\/pages"}],"about":[{"href":"https:\/\/www.monasterioortodoxo.org\/index.php?rest_route=\/wp\/v2\/types\/page"}],"author":[{"embeddable":true,"href":"https:\/\/www.monasterioortodoxo.org\/index.php?rest_route=\/wp\/v2\/users\/4"}],"replies":[{"embeddable":true,"href":"https:\/\/www.monasterioortodoxo.org\/index.php?rest_route=%2Fwp%2Fv2%2Fcomments&post=546"}],"version-history":[{"count":12,"href":"https:\/\/www.monasterioortodoxo.org\/index.php?rest_route=\/wp\/v2\/pages\/546\/revisions"}],"predecessor-version":[{"id":578,"href":"https:\/\/www.monasterioortodoxo.org\/index.php?rest_route=\/wp\/v2\/pages\/546\/revisions\/578"}],"up":[{"embeddable":true,"href":"https:\/\/www.monasterioortodoxo.org\/index.php?rest_route=\/wp\/v2\/pages\/501"}],"wp:attachment":[{"href":"https:\/\/www.monasterioortodoxo.org\/index.php?rest_route=%2Fwp%2Fv2%2Fmedia&parent=546"}],"curies":[{"name":"wp","href":"https:\/\/api.w.org\/{rel}","templated":true}]}}